{"id":4030,"date":"2025-06-04T15:05:42","date_gmt":"2025-06-04T20:05:42","guid":{"rendered":"https:\/\/vernoncom.coop\/?page_id=4030"},"modified":"2026-04-15T11:48:34","modified_gmt":"2026-04-15T16:48:34","slug":"home","status":"publish","type":"page","link":"https:\/\/vernoncom.coop\/es\/","title":{"rendered":"Home"},"content":{"rendered":"<h2>\n\t\t<a href=\"https:\/\/vernoncom.coop\/es\/announcement\/\" title=\"April 21 - Service Maintenance Notice - La Farge Area - Click Here\"  target=\"_self\">\n\t\t\tApril 21 &#8211; Service Maintenance Notice &#8211; La Farge Area &#8211; Click Here\t\t<\/a>\n\t<\/h2>\n<h2>\n\t\t\tInternet que se esfuerza tanto como t\u00fa\t<\/h2>\n        <input type=\"text\" \n            id=\"availabilityAddress\" \n            placeholder=\"Introduce tu direcci\u00f3n y ciudad\"\n            style=\"flex:1;                   padding:12px;                   font-size:16px;                   border:1px solid #ccc;                   border-right:none;                   border-radius:10px 0 0 10px;                   outline:none;\"\/>\n        <button \n            onclick=\"goToLookup()\" \n            style=\"padding:8px 16px;                   font-size:16px;                   background:#ee2e24;                   color:white;                   border:none;                   cursor:pointer;                   border-radius:0 10px 10px 0;\">\n            Comprobar disponibilidad\n        <\/button>\n\t\t<nav>\n\t\t\t<ul>\n\t\t\t\t\t\t\t\t<li data-index=\"0\" tabindex=\"0\">\n\t\t\t\t\t<h5>\n\t\t\t\t\t\t<a href=\"javascript:void(0);\" tabindex=\"-1\">Valor\n\t\t\t\t\t\t\t\t\t\t\t\t<\/a>\n\t\t\t\t\t<\/h5>\n\t\t\t\t<\/li>\n\t\t\t\t\t\t\t\t<li data-index=\"1\" tabindex=\"0\">\n\t\t\t\t\t<h5>\n\t\t\t\t\t\t<a href=\"javascript:void(0);\" tabindex=\"-1\">Familia \n\t\t\t\t\t\t\t\t\t\t\t\t<\/a>\n\t\t\t\t\t<\/h5>\n\t\t\t\t<\/li>\n\t\t\t\t\t\t\t\t<li data-index=\"2\" tabindex=\"0\">\n\t\t\t\t\t<h5>\n\t\t\t\t\t\t<a href=\"javascript:void(0);\" tabindex=\"-1\">Pro\n\t\t\t\t\t\t\t\t\t\t\t\t<\/a>\n\t\t\t\t\t<\/h5>\n\t\t\t\t<\/li>\n\t\t\t\t\t\t\t\t<li data-index=\"3\" tabindex=\"0\">\n\t\t\t\t\t<h5>\n\t\t\t\t\t\t<a href=\"javascript:void(0);\" tabindex=\"-1\">Ultra\n\t\t\t\t\t\t\t\t\t\t\t\t<\/a>\n\t\t\t\t\t<\/h5>\n\t\t\t\t<\/li>\n\t\t\t\t\t\t\t<\/ul>\n\t\t<\/nav>\n\t\t\t\t\t<h5>\n\t\t\t\t\t\t\t\t\t\t\t\tValor\n\t\t\t\t\t\t\t\t\t\t\t<\/h5>\n\t\t\t\t\t<div class=\"fl-builder-content fl-builder-content-4485 fl-builder-template fl-builder-row-template fl-builder-global-templates-locked\" data-post-id=\"4485\"><div class=\"fl-row fl-row-full-width fl-row-bg-none fl-node-p83azc2beqlr fl-row-default-height fl-row-align-center\" data-node=\"p83azc2beqlr\">\n\t<div class=\"fl-row-content-wrap\">\n\t\t<div class=\"uabb-row-separator uabb-top-row-separator\" >\n<\/div>\n\t\t\t\t\t\t<div class=\"fl-row-content fl-row-full-width fl-node-content\">\n\t\t\n<div class=\"fl-col-group fl-node-syht9ujcz5wn fl-col-group-custom-width\" data-node=\"syht9ujcz5wn\">\n\t\t\t<div class=\"fl-col fl-node-yr3nb6swtuhq fl-col-bg-color fl-col-small fl-col-small-custom-width\" data-node=\"yr3nb6swtuhq\">\n\t<div class=\"fl-col-content fl-node-content\"><div role=\"figure\" class=\"fl-module fl-module-photo fl-photo fl-photo-align-center fl-node-fea6njt7s0wi\" data-node=\"fea6njt7s0wi\" itemscope itemtype=\"https:\/\/schema.org\/ImageObject\">\n\t<div class=\"fl-photo-content fl-photo-img-png\">\n\t\t\t\t<img decoding=\"async\" class=\"fl-photo-img wp-image-4452 size-full\" src=\"https:\/\/vernoncom.coop\/wp-content\/uploads\/2025\/06\/50_new.png\" alt=\"50_new\" height=\"158\" width=\"187\" title=\"50_nuevo\" loading=\"lazy\" itemprop=\"image\" \/>\n\t\t\t\t\t<\/div>\n\t<\/div>\n<div class=\"fl-module fl-module-list-icon fl-node-db6hsgiyaf3l\" data-node=\"db6hsgiyaf3l\">\n\t<div class=\"fl-module-content fl-node-content\">\n\t\t\n<div class=\"uabb-module-content uabb-list-icon\">\n\t\t<div class=\"uabb-list-icon-wrap\">\n\t\t\t<div class=\"uabb-callout-outter\"><div class=\"uabb-module-content uabb-imgicon-wrap\">\t\t\t\t<span class=\"uabb-icon-wrap\">\n\t\t\t<span class=\"uabb-icon\">\n\t\t\t<i class=\"ua-icon ua-icon-check2\" aria-hidden=\"true\"><\/i>\n\t\t\t<\/span>\n\t\t<\/span>\n\t\n\t\t<\/div><\/div><!-- Inline Block Space Fix\n\t\t--><div class=\"uabb-list-icon-text\">\n\t\t\t\t\t\t\t\t\t<h4 class=\"uabb-list-icon-text-heading\">100 Mbps de descarga<\/h4>\n\t\t\t\t\t\t\t<\/div>\n\t\t<\/div>\n\t\t\t<div class=\"uabb-list-icon-wrap\">\n\t\t\t<div class=\"uabb-callout-outter\"><div class=\"uabb-module-content uabb-imgicon-wrap\">\t\t\t\t<span class=\"uabb-icon-wrap\">\n\t\t\t<span class=\"uabb-icon\">\n\t\t\t<i class=\"ua-icon ua-icon-check2\" aria-hidden=\"true\"><\/i>\n\t\t\t<\/span>\n\t\t<\/span>\n\t\n\t\t<\/div><\/div><!-- Inline Block Space Fix\n\t\t--><div class=\"uabb-list-icon-text\">\n\t\t\t\t\t\t\t\t\t<h4 class=\"uabb-list-icon-text-heading\">100 Mbps de subida<\/h4>\n\t\t\t\t\t\t\t<\/div>\n\t\t<\/div>\n\t<\/div>\n\t<\/div>\n<\/div>\n<\/div>\n<\/div>\n\t\t\t<div class=\"fl-col fl-node-c0idkoranmst fl-col-bg-color fl-col-small-custom-width\" data-node=\"c0idkoranmst\">\n\t<div class=\"fl-col-content fl-node-content\"><div class=\"fl-module fl-module-callout fl-node-6dsuevwhi0ox\" data-node=\"6dsuevwhi0ox\">\n\t<div class=\"fl-module-content fl-node-content\">\n\t\t<div class=\"fl-callout fl-callout-has-photo fl-callout-photo-above-title\">\n\t\t<div class=\"fl-callout-content\">\n\t\t<h3 class=\"fl-callout-title\"><a href=\"https:\/\/vernoncom.coop\/es\/internet\/#plans-rates-0\" target=\"_self\"  class=\"fl-callout-title-link fl-callout-title-text\"><span>Valor<\/span><\/a><\/h3><div class=\"fl-callout-text-wrap\"><div class=\"fl-callout-text\"><p>Nuestro paquete de Internet econ\u00f3mico est\u00e1 dise\u00f1ado para satisfacer todas las necesidades de Internet de tu familia. Mant\u00e9n todos tus dispositivos conectados a un precio excelente.<\/p>\n<ul class=\"ul1\">\n<li class=\"li1\">2-3 usuarios<\/li>\n<li class=\"li1\">Transmisi\u00f3n en alta definici\u00f3n, videollamadas, videojuegos<\/li>\n<li class=\"li1\">Ideal para familias peque\u00f1as y teletrabajadores con entre 5 y 12 dispositivos<\/li>\n<\/ul>\n<\/div><div class=\"fl-callout-button\"><div  class=\"fl-button-wrap fl-button-width-auto\">\n\t\t\t<a href=\"https:\/\/vernoncom.coop\/es\/internet\/#plans-rates-0\"  target=\"_self\"  class=\"fl-button\" >\n\t\t\t\t\t\t\t<span class=\"fl-button-text\">Ver m\u00e1s detalles<\/span>\n\t\t\t\t\t<\/a>\n\t<\/div>\n<\/div><\/div>\t<\/div>\n\t<\/div>\n\t<\/div>\n<\/div>\n<\/div>\n<\/div>\n\t<\/div>\n\t\t<\/div>\n\t<\/div>\n<\/div>\n<\/div><div class=\"uabb-js-breakpoint\" style=\"display: none;\"><\/div>\t\t\t\t\n\t\t\t\t\t<h5>\n\t\t\t\t\t\t\t\t\t\t\t\tFamilia \n\t\t\t\t\t\t\t\t\t\t\t<\/h5>\n\t\t\t\t\t<div class=\"fl-builder-content fl-builder-content-4445 fl-builder-template fl-builder-row-template fl-builder-global-templates-locked\" data-post-id=\"4445\"><div class=\"fl-row fl-row-full-width fl-row-bg-none fl-node-ujkqcyr68dxo fl-row-default-height fl-row-align-center\" data-node=\"ujkqcyr68dxo\">\n\t<div class=\"fl-row-content-wrap\">\n\t\t<div class=\"uabb-row-separator uabb-top-row-separator\" >\n<\/div>\n\t\t\t\t\t\t<div class=\"fl-row-content fl-row-full-width fl-node-content\">\n\t\t\n<div class=\"fl-col-group fl-node-nvcrzk9xw51m fl-col-group-custom-width\" data-node=\"nvcrzk9xw51m\">\n\t\t\t<div class=\"fl-col fl-node-jetn067rcuvk fl-col-bg-color fl-col-small fl-col-small-custom-width\" data-node=\"jetn067rcuvk\">\n\t<div class=\"fl-col-content fl-node-content\"><div role=\"figure\" class=\"fl-module fl-module-photo fl-photo fl-photo-align-center fl-node-l86qfxd2rvcb\" data-node=\"l86qfxd2rvcb\" itemscope itemtype=\"https:\/\/schema.org\/ImageObject\">\n\t<div class=\"fl-photo-content fl-photo-img-png\">\n\t\t\t\t<img decoding=\"async\" class=\"fl-photo-img wp-image-4458 size-full\" src=\"https:\/\/vernoncom.coop\/wp-content\/uploads\/2025\/06\/100_new.png\" alt=\"100_new\" height=\"158\" width=\"187\" title=\"100_nuevo\" loading=\"lazy\" itemprop=\"image\" \/>\n\t\t\t\t\t<\/div>\n\t<\/div>\n<div class=\"fl-module fl-module-list-icon fl-node-0utjz7lapk5c\" data-node=\"0utjz7lapk5c\">\n\t<div class=\"fl-module-content fl-node-content\">\n\t\t\n<div class=\"uabb-module-content uabb-list-icon\">\n\t\t<div class=\"uabb-list-icon-wrap\">\n\t\t\t<div class=\"uabb-callout-outter\"><div class=\"uabb-module-content uabb-imgicon-wrap\">\t\t\t\t<span class=\"uabb-icon-wrap\">\n\t\t\t<span class=\"uabb-icon\">\n\t\t\t<i class=\"ua-icon ua-icon-check2\" aria-hidden=\"true\"><\/i>\n\t\t\t<\/span>\n\t\t<\/span>\n\t\n\t\t<\/div><\/div><!-- Inline Block Space Fix\n\t\t--><div class=\"uabb-list-icon-text\">\n\t\t\t\t\t\t\t\t\t<h4 class=\"uabb-list-icon-text-heading\">250 Mbps de descarga<\/h4>\n\t\t\t\t\t\t\t<\/div>\n\t\t<\/div>\n\t\t\t<div class=\"uabb-list-icon-wrap\">\n\t\t\t<div class=\"uabb-callout-outter\"><div class=\"uabb-module-content uabb-imgicon-wrap\">\t\t\t\t<span class=\"uabb-icon-wrap\">\n\t\t\t<span class=\"uabb-icon\">\n\t\t\t<i class=\"ua-icon ua-icon-check2\" aria-hidden=\"true\"><\/i>\n\t\t\t<\/span>\n\t\t<\/span>\n\t\n\t\t<\/div><\/div><!-- Inline Block Space Fix\n\t\t--><div class=\"uabb-list-icon-text\">\n\t\t\t\t\t\t\t\t\t<h4 class=\"uabb-list-icon-text-heading\">250 Mbps de subida<\/h4>\n\t\t\t\t\t\t\t<\/div>\n\t\t<\/div>\n\t<\/div>\n\t<\/div>\n<\/div>\n<\/div>\n<\/div>\n\t\t\t<div class=\"fl-col fl-node-270emn14rt6c fl-col-bg-color fl-col-small-custom-width\" data-node=\"270emn14rt6c\">\n\t<div class=\"fl-col-content fl-node-content\"><div class=\"fl-module fl-module-callout fl-node-ldatgov0qm71\" data-node=\"ldatgov0qm71\">\n\t<div class=\"fl-module-content fl-node-content\">\n\t\t<div class=\"fl-callout fl-callout-has-photo fl-callout-photo-above-title\">\n\t\t<div class=\"fl-callout-content\">\n\t\t<h3 class=\"fl-callout-title\"><a href=\"https:\/\/vernoncom.coop\/es\/internet\/\" target=\"_self\"  class=\"fl-callout-title-link fl-callout-title-text\"><span>Familia<\/span><\/a><\/h3><div class=\"fl-callout-text-wrap\"><div class=\"fl-callout-text\"><p>Disfruta de una conexi\u00f3n a Internet fiable y de alta velocidad que se adapta a las necesidades diarias de tu hogar. Nuestro Paquete Familiar es ideal para hogares en los que se ve contenido en streaming, se juega y se trabaja en l\u00ednea sin interrupciones.<\/p>\n<ul class=\"ul1\">\n<li class=\"li1\">3-4 usuarios<\/li>\n<li class=\"li1\">Transmisi\u00f3n en alta definici\u00f3n, juegos en l\u00ednea, videollamadas, m\u00faltiples dispositivos inteligentes<\/li>\n<li class=\"li1\">Ideal para hogares medianos con entre 10 y 20 dispositivos<\/li>\n<\/ul>\n<\/div><div class=\"fl-callout-button\"><div  class=\"fl-button-wrap fl-button-width-auto\">\n\t\t\t<a href=\"https:\/\/vernoncom.coop\/es\/internet\/\"  target=\"_self\"  class=\"fl-button\" >\n\t\t\t\t\t\t\t<span class=\"fl-button-text\">Ver m\u00e1s detalles<\/span>\n\t\t\t\t\t<\/a>\n\t<\/div>\n<\/div><\/div>\t<\/div>\n\t<\/div>\n\t<\/div>\n<\/div>\n<\/div>\n<\/div>\n\t<\/div>\n\t\t<\/div>\n\t<\/div>\n<\/div>\n<\/div><div class=\"uabb-js-breakpoint\" style=\"display: none;\"><\/div>\t\t\t\t\n\t\t\t\t\t<h5>\n\t\t\t\t\t\t\t\t\t\t\t\tPro\n\t\t\t\t\t\t\t\t\t\t\t<\/h5>\n\t\t\t\t\t<div class=\"fl-builder-content fl-builder-content-4492 fl-builder-template fl-builder-row-template fl-builder-global-templates-locked\" data-post-id=\"4492\"><div class=\"fl-row fl-row-full-width fl-row-bg-none fl-node-gcl6kq3s5z0v fl-row-default-height fl-row-align-center\" data-node=\"gcl6kq3s5z0v\">\n\t<div class=\"fl-row-content-wrap\">\n\t\t<div class=\"uabb-row-separator uabb-top-row-separator\" >\n<\/div>\n\t\t\t\t\t\t<div class=\"fl-row-content fl-row-full-width fl-node-content\">\n\t\t\n<div class=\"fl-col-group fl-node-tzv2js0cndmf fl-col-group-custom-width\" data-node=\"tzv2js0cndmf\">\n\t\t\t<div class=\"fl-col fl-node-t5hurzakiw41 fl-col-bg-color fl-col-small fl-col-small-custom-width\" data-node=\"t5hurzakiw41\">\n\t<div class=\"fl-col-content fl-node-content\"><div role=\"figure\" class=\"fl-module fl-module-photo fl-photo fl-photo-align-center fl-node-9y84tcoaz53n\" data-node=\"9y84tcoaz53n\" itemscope itemtype=\"https:\/\/schema.org\/ImageObject\">\n\t<div class=\"fl-photo-content fl-photo-img-png\">\n\t\t\t\t<img decoding=\"async\" class=\"fl-photo-img wp-image-4465 size-full\" src=\"https:\/\/vernoncom.coop\/wp-content\/uploads\/2025\/06\/500_new.png\" alt=\"500_new\" height=\"158\" width=\"187\" title=\"500_nuevo\" loading=\"lazy\" itemprop=\"image\" \/>\n\t\t\t\t\t<\/div>\n\t<\/div>\n<div class=\"fl-module fl-module-list-icon fl-node-eqm9y7rf230g\" data-node=\"eqm9y7rf230g\">\n\t<div class=\"fl-module-content fl-node-content\">\n\t\t\n<div class=\"uabb-module-content uabb-list-icon\">\n\t\t<div class=\"uabb-list-icon-wrap\">\n\t\t\t<div class=\"uabb-callout-outter\"><div class=\"uabb-module-content uabb-imgicon-wrap\">\t\t\t\t<span class=\"uabb-icon-wrap\">\n\t\t\t<span class=\"uabb-icon\">\n\t\t\t<i class=\"ua-icon ua-icon-check2\" aria-hidden=\"true\"><\/i>\n\t\t\t<\/span>\n\t\t<\/span>\n\t\n\t\t<\/div><\/div><!-- Inline Block Space Fix\n\t\t--><div class=\"uabb-list-icon-text\">\n\t\t\t\t\t\t\t\t\t<h4 class=\"uabb-list-icon-text-heading\">500 Mbps de descarga<\/h4>\n\t\t\t\t\t\t\t<\/div>\n\t\t<\/div>\n\t\t\t<div class=\"uabb-list-icon-wrap\">\n\t\t\t<div class=\"uabb-callout-outter\"><div class=\"uabb-module-content uabb-imgicon-wrap\">\t\t\t\t<span class=\"uabb-icon-wrap\">\n\t\t\t<span class=\"uabb-icon\">\n\t\t\t<i class=\"ua-icon ua-icon-check2\" aria-hidden=\"true\"><\/i>\n\t\t\t<\/span>\n\t\t<\/span>\n\t\n\t\t<\/div><\/div><!-- Inline Block Space Fix\n\t\t--><div class=\"uabb-list-icon-text\">\n\t\t\t\t\t\t\t\t\t<h4 class=\"uabb-list-icon-text-heading\">500 Mbps de subida<\/h4>\n\t\t\t\t\t\t\t<\/div>\n\t\t<\/div>\n\t<\/div>\n\t<\/div>\n<\/div>\n<\/div>\n<\/div>\n\t\t\t<div class=\"fl-col fl-node-kilvochjtx06 fl-col-bg-color fl-col-small-custom-width\" data-node=\"kilvochjtx06\">\n\t<div class=\"fl-col-content fl-node-content\"><div class=\"fl-module fl-module-callout fl-node-9myje3qwb5d6\" data-node=\"9myje3qwb5d6\">\n\t<div class=\"fl-module-content fl-node-content\">\n\t\t<div class=\"fl-callout fl-callout-has-photo fl-callout-photo-above-title\">\n\t\t<div class=\"fl-callout-content\">\n\t\t<h3 class=\"fl-callout-title\"><a href=\"https:\/\/vernoncom.coop\/es\/internet\/#plans-rates-2\" target=\"_self\"  class=\"fl-callout-title-link fl-callout-title-text\"><span>Pro<\/span><\/a><\/h3><div class=\"fl-callout-text-wrap\"><div class=\"fl-callout-text\"><p>Ya sea para trabajar o para divertirte, es importante contar con una conexi\u00f3n a Internet confiable. Nuestro paquete Pro Internet satisfar\u00e1 las necesidades diarias de tu oficina en casa.<\/p>\n<ul class=\"ul1\">\n<li class=\"li1\">4-6 usuarios<\/li>\n<li class=\"li1\">Transmisi\u00f3n en 4K, videojuegos, intercambio de archivos<\/li>\n<li class=\"li1\">Ideal para hogares con mucha actividad y personas que realizan m\u00faltiples tareas a la vez, con entre 20 y 25 dispositivos<\/li>\n<\/ul>\n<\/div><div class=\"fl-callout-button\"><div  class=\"fl-button-wrap fl-button-width-auto\">\n\t\t\t<a href=\"https:\/\/vernoncom.coop\/es\/internet\/#plans-rates-2\"  target=\"_self\"  class=\"fl-button\" >\n\t\t\t\t\t\t\t<span class=\"fl-button-text\">Ver m\u00e1s detalles<\/span>\n\t\t\t\t\t<\/a>\n\t<\/div>\n<\/div><\/div>\t<\/div>\n\t<\/div>\n\t<\/div>\n<\/div>\n<\/div>\n<\/div>\n\t<\/div>\n\t\t<\/div>\n\t<\/div>\n<\/div>\n<\/div><div class=\"uabb-js-breakpoint\" style=\"display: none;\"><\/div>\t\t\t\t\n\t\t\t\t\t<h5>\n\t\t\t\t\t\t\t\t\t\t\t\tUltra\n\t\t\t\t\t\t\t\t\t\t\t<\/h5>\n\t\t\t\t\t<div class=\"fl-builder-content fl-builder-content-4511 fl-builder-template fl-builder-row-template fl-builder-global-templates-locked\" data-post-id=\"4511\"><div class=\"fl-row fl-row-full-width fl-row-bg-none fl-node-xhlmvbpc5oyg fl-row-default-height fl-row-align-center\" data-node=\"xhlmvbpc5oyg\">\n\t<div class=\"fl-row-content-wrap\">\n\t\t<div class=\"uabb-row-separator uabb-top-row-separator\" >\n<\/div>\n\t\t\t\t\t\t<div class=\"fl-row-content fl-row-full-width fl-node-content\">\n\t\t\n<div class=\"fl-col-group fl-node-w42iq3yxg195 fl-col-group-custom-width\" data-node=\"w42iq3yxg195\">\n\t\t\t<div class=\"fl-col fl-node-8lesc6u0ybq3 fl-col-bg-color fl-col-small fl-col-small-custom-width\" data-node=\"8lesc6u0ybq3\">\n\t<div class=\"fl-col-content fl-node-content\"><div role=\"figure\" class=\"fl-module fl-module-photo fl-photo fl-photo-align-center fl-node-idqvcj2w4lyp\" data-node=\"idqvcj2w4lyp\" itemscope itemtype=\"https:\/\/schema.org\/ImageObject\">\n\t<div class=\"fl-photo-content fl-photo-img-png\">\n\t\t\t\t<img decoding=\"async\" class=\"fl-photo-img wp-image-4470 size-full\" src=\"https:\/\/vernoncom.coop\/wp-content\/uploads\/2025\/06\/1G_new.png\" alt=\"1G_new\" height=\"158\" width=\"187\" title=\"1G_nuevo\" loading=\"lazy\" itemprop=\"image\" \/>\n\t\t\t\t\t<\/div>\n\t<\/div>\n<div class=\"fl-module fl-module-list-icon fl-node-i0arpwoe6tg2\" data-node=\"i0arpwoe6tg2\">\n\t<div class=\"fl-module-content fl-node-content\">\n\t\t\n<div class=\"uabb-module-content uabb-list-icon\">\n\t\t<div class=\"uabb-list-icon-wrap\">\n\t\t\t<div class=\"uabb-callout-outter\"><div class=\"uabb-module-content uabb-imgicon-wrap\">\t\t\t\t<span class=\"uabb-icon-wrap\">\n\t\t\t<span class=\"uabb-icon\">\n\t\t\t<i class=\"ua-icon ua-icon-check2\" aria-hidden=\"true\"><\/i>\n\t\t\t<\/span>\n\t\t<\/span>\n\t\n\t\t<\/div><\/div><!-- Inline Block Space Fix\n\t\t--><div class=\"uabb-list-icon-text\">\n\t\t\t\t\t\t\t\t\t<h4 class=\"uabb-list-icon-text-heading\">1 Gbps de descarga<\/h4>\n\t\t\t\t\t\t\t<\/div>\n\t\t<\/div>\n\t\t\t<div class=\"uabb-list-icon-wrap\">\n\t\t\t<div class=\"uabb-callout-outter\"><div class=\"uabb-module-content uabb-imgicon-wrap\">\t\t\t\t<span class=\"uabb-icon-wrap\">\n\t\t\t<span class=\"uabb-icon\">\n\t\t\t<i class=\"ua-icon ua-icon-check2\" aria-hidden=\"true\"><\/i>\n\t\t\t<\/span>\n\t\t<\/span>\n\t\n\t\t<\/div><\/div><!-- Inline Block Space Fix\n\t\t--><div class=\"uabb-list-icon-text\">\n\t\t\t\t\t\t\t\t\t<h4 class=\"uabb-list-icon-text-heading\">1 Gbps de subida<\/h4>\n\t\t\t\t\t\t\t<\/div>\n\t\t<\/div>\n\t<\/div>\n\t<\/div>\n<\/div>\n<\/div>\n<\/div>\n\t\t\t<div class=\"fl-col fl-node-732ws09tmxgo fl-col-bg-color fl-col-small-custom-width\" data-node=\"732ws09tmxgo\">\n\t<div class=\"fl-col-content fl-node-content\"><div class=\"fl-module fl-module-callout fl-node-o1seug5iwf74\" data-node=\"o1seug5iwf74\">\n\t<div class=\"fl-module-content fl-node-content\">\n\t\t<div class=\"fl-callout fl-callout-has-photo fl-callout-photo-above-title\">\n\t\t<div class=\"fl-callout-content\">\n\t\t<h3 class=\"fl-callout-title\"><a href=\"https:\/\/vernoncom.coop\/es\/internet\/#plans-rates-3\" target=\"_self\"  class=\"fl-callout-title-link fl-callout-title-text\"><span>Ultra<\/span><\/a><\/h3><div class=\"fl-callout-text-wrap\"><div class=\"fl-callout-text\"><p>El paquete de Internet Ultra est\u00e1 pensado para ver contenido en streaming, jugar y trabajar en varios dispositivos a la vez. Ya no tendr\u00e1s que luchar por conseguir m\u00e1s ancho de banda.<\/p>\n<ul class=\"ul1\">\n<li class=\"li1\">6 o m\u00e1s usuarios<\/li>\n<li>Transmisi\u00f3n simult\u00e1nea en 4K, juegos exigentes, intercambio de archivos<\/li>\n<li>Trabajadores remotos, grandes empresas, con m\u00e1s de 25 dispositivos<\/li>\n<\/ul>\n<\/div><div class=\"fl-callout-button\"><div  class=\"fl-button-wrap fl-button-width-auto\">\n\t\t\t<a href=\"https:\/\/vernoncom.coop\/es\/internet\/#plans-rates-3\"  target=\"_self\"  class=\"fl-button\" >\n\t\t\t\t\t\t\t<span class=\"fl-button-text\">Ver m\u00e1s detalles <\/span>\n\t\t\t\t\t<\/a>\n\t<\/div>\n<\/div><\/div>\t<\/div>\n\t<\/div>\n\t<\/div>\n<\/div>\n<\/div>\n<\/div>\n\t<\/div>\n\t\t<\/div>\n\t<\/div>\n<\/div>\n<\/div><div class=\"uabb-js-breakpoint\" style=\"display: none;\"><\/div>\t\t\t\t\n\t\t\t\t\t<!-- \/content -->\n\t<!-- \/tabs -->\n<h2>\n\t\t\tServicios fiables\t<\/h2>\n<h2>\n\t\t\tWe&#8217;re Experts At What We Do\t<\/h2>\n\t<p>Mantente en contacto con tus amigos, tu familia y el mundo.<\/p>\n\t\t\t<a href=\"https:\/\/vernoncom.coop\/es\/about-us\/\"  target=\"_self\">\n\t\t\t\t\t\t\tAcerca de nosotros\n\t\t\t\t\t<\/a>\n<h2>\n\t\t\tBolet\u00edn de VernonCom\t<\/h2>\n\t<p>Mantente al tanto de las \u00faltimas noticias con nuestro bolet\u00edn mensual <a href=\"https:\/\/vernoncom.coop\/es\/newsletter\/\">Bolet\u00edn informativo<\/a>. Learn about cooperative updates, helpful news and tips regarding our services, cooperative benefits you can take advantage of, and more. Don&#8217;t forget to see our <a href=\"https:\/\/vernoncom.coop\/es\/spotlight\/\">Empresa destacada<\/a> \u00a1y ten la oportunidad de ganar tarjetas de regalo de establecimientos locales!<\/p>\n\t\t\t<a href=\"https:\/\/vernoncom.coop\/es\/newsletter\/\"  target=\"_self\">\n\t\t\t\t\t\t\tSuscr\u00edbete al bolet\u00edn informativo\n\t\t\t\t\t<\/a>","protected":false},"excerpt":{"rendered":"<p>April 21 &#8211; Service Maintenance Notice &#8211; La Farge Area &#8211; Click Here Internet That Works as Hard as You Do Check Availability Value Family Pro Ultra Value Family Pro Ultra Reliable Services We&#8217;re Experts At What We Do Stay in touch with your friends, family and the world. About Us VernonCom Newsletter Stay informed&hellip;<\/p>","protected":false},"author":7,"featured_media":0,"parent":0,"menu_order":0,"comment_status":"closed","ping_status":"closed","template":"","meta":{"footnotes":""},"class_list":["post-4030","page","type-page","status-publish","hentry"],"yoast_head":"<!-- This site is optimized with the Yoast SEO Premium plugin v27.3 (Yoast SEO v27.4) - https:\/\/yoast.com\/product\/yoast-seo-premium-wordpress\/ -->\n<title>VernonCom: Your Solution for Reliable Internet - Vernon Communications<\/title>\n<meta name=\"description\" content=\"Discover VernonCom for all your family&#039;s internet needs with reliable and high-speed packages tailored for every household.\" \/>\n<meta name=\"robots\" content=\"index, follow, max-snippet:-1, max-image-preview:large, max-video-preview:-1\" \/>\n<link rel=\"canonical\" href=\"https:\/\/vernoncom.coop\/es\/\" \/>\n<meta property=\"og:locale\" content=\"es_MX\" \/>\n<meta property=\"og:type\" content=\"article\" \/>\n<meta property=\"og:title\" content=\"Home\" \/>\n<meta property=\"og:description\" content=\"Discover VernonCom for all your family&#039;s internet needs with reliable and high-speed packages tailored for every household.\" \/>\n<meta property=\"og:url\" content=\"https:\/\/vernoncom.coop\/es\/\" \/>\n<meta property=\"og:site_name\" content=\"Vernon Communications\" \/>\n<meta property=\"article:modified_time\" content=\"2026-04-15T16:48:34+00:00\" \/>\n<meta name=\"twitter:card\" content=\"summary_large_image\" \/>\n<meta name=\"twitter:label1\" content=\"Tiempo de lectura\" \/>\n\t<meta name=\"twitter:data1\" content=\"5 minutos\" \/>\n<script type=\"application\/ld+json\" class=\"yoast-schema-graph\">{\"@context\":\"https:\\\/\\\/schema.org\",\"@graph\":[{\"@type\":\"WebPage\",\"@id\":\"https:\\\/\\\/vernoncom.coop\\\/\",\"url\":\"https:\\\/\\\/vernoncom.coop\\\/\",\"name\":\"VernonCom: Your Solution for Reliable Internet - Vernon Communications\",\"isPartOf\":{\"@id\":\"https:\\\/\\\/vernoncom.coop\\\/#website\"},\"datePublished\":\"2025-06-04T20:05:42+00:00\",\"dateModified\":\"2026-04-15T16:48:34+00:00\",\"description\":\"Discover VernonCom for all your family's internet needs with reliable and high-speed packages tailored for every household.\",\"breadcrumb\":{\"@id\":\"https:\\\/\\\/vernoncom.coop\\\/#breadcrumb\"},\"inLanguage\":\"es\",\"potentialAction\":[{\"@type\":\"ReadAction\",\"target\":[\"https:\\\/\\\/vernoncom.coop\\\/\"]}]},{\"@type\":\"BreadcrumbList\",\"@id\":\"https:\\\/\\\/vernoncom.coop\\\/#breadcrumb\",\"itemListElement\":[{\"@type\":\"ListItem\",\"position\":1,\"name\":\"Home\",\"item\":\"https:\\\/\\\/vernoncom.coop\\\/\"},{\"@type\":\"ListItem\",\"position\":2,\"name\":\"Home\"}]},{\"@type\":\"WebSite\",\"@id\":\"https:\\\/\\\/vernoncom.coop\\\/#website\",\"url\":\"https:\\\/\\\/vernoncom.coop\\\/\",\"name\":\"Vernon Communications\",\"description\":\"Communications Coop\",\"potentialAction\":[{\"@type\":\"SearchAction\",\"target\":{\"@type\":\"EntryPoint\",\"urlTemplate\":\"https:\\\/\\\/vernoncom.coop\\\/?s={search_term_string}\"},\"query-input\":{\"@type\":\"PropertyValueSpecification\",\"valueRequired\":true,\"valueName\":\"search_term_string\"}}],\"inLanguage\":\"es\"}]}<\/script>\n<!-- \/ Yoast SEO Premium plugin. -->","yoast_head_json":{"title":"VernonCom: Your Solution for Reliable Internet - Vernon Communications","description":"Discover VernonCom for all your family's internet needs with reliable and high-speed packages tailored for every household.","robots":{"index":"index","follow":"follow","max-snippet":"max-snippet:-1","max-image-preview":"max-image-preview:large","max-video-preview":"max-video-preview:-1"},"canonical":"https:\/\/vernoncom.coop\/es\/","og_locale":"es_MX","og_type":"article","og_title":"Home","og_description":"Discover VernonCom for all your family's internet needs with reliable and high-speed packages tailored for every household.","og_url":"https:\/\/vernoncom.coop\/es\/","og_site_name":"Vernon Communications","article_modified_time":"2026-04-15T16:48:34+00:00","twitter_card":"summary_large_image","twitter_misc":{"Tiempo de lectura":"5 minutos"},"schema":{"@context":"https:\/\/schema.org","@graph":[{"@type":"WebPage","@id":"https:\/\/vernoncom.coop\/","url":"https:\/\/vernoncom.coop\/","name":"VernonCom: Your Solution for Reliable Internet - Vernon Communications","isPartOf":{"@id":"https:\/\/vernoncom.coop\/#website"},"datePublished":"2025-06-04T20:05:42+00:00","dateModified":"2026-04-15T16:48:34+00:00","description":"Discover VernonCom for all your family's internet needs with reliable and high-speed packages tailored for every household.","breadcrumb":{"@id":"https:\/\/vernoncom.coop\/#breadcrumb"},"inLanguage":"es","potentialAction":[{"@type":"ReadAction","target":["https:\/\/vernoncom.coop\/"]}]},{"@type":"BreadcrumbList","@id":"https:\/\/vernoncom.coop\/#breadcrumb","itemListElement":[{"@type":"ListItem","position":1,"name":"Home","item":"https:\/\/vernoncom.coop\/"},{"@type":"ListItem","position":2,"name":"Home"}]},{"@type":"WebSite","@id":"https:\/\/vernoncom.coop\/#website","url":"https:\/\/vernoncom.coop\/","name":"Vernon Communications","description":"Communications Coop","potentialAction":[{"@type":"SearchAction","target":{"@type":"EntryPoint","urlTemplate":"https:\/\/vernoncom.coop\/?s={search_term_string}"},"query-input":{"@type":"PropertyValueSpecification","valueRequired":true,"valueName":"search_term_string"}}],"inLanguage":"es"}]}},"_links":{"self":[{"href":"https:\/\/vernoncom.coop\/es\/wp-json\/wp\/v2\/pages\/4030","targetHints":{"allow":["GET"]}}],"collection":[{"href":"https:\/\/vernoncom.coop\/es\/wp-json\/wp\/v2\/pages"}],"about":[{"href":"https:\/\/vernoncom.coop\/es\/wp-json\/wp\/v2\/types\/page"}],"author":[{"embeddable":true,"href":"https:\/\/vernoncom.coop\/es\/wp-json\/wp\/v2\/users\/7"}],"replies":[{"embeddable":true,"href":"https:\/\/vernoncom.coop\/es\/wp-json\/wp\/v2\/comments?post=4030"}],"version-history":[{"count":58,"href":"https:\/\/vernoncom.coop\/es\/wp-json\/wp\/v2\/pages\/4030\/revisions"}],"predecessor-version":[{"id":6356,"href":"https:\/\/vernoncom.coop\/es\/wp-json\/wp\/v2\/pages\/4030\/revisions\/6356"}],"wp:attachment":[{"href":"https:\/\/vernoncom.coop\/es\/wp-json\/wp\/v2\/media?parent=4030"}],"curies":[{"name":"wp","href":"https:\/\/api.w.org\/{rel}","templated":true}]}}